{"id":81,"date":"2021-01-04T21:29:36","date_gmt":"2021-01-04T20:29:36","guid":{"rendered":"http:\/\/theater-im-hayn.de\/?page_id=81"},"modified":"2025-12-07T10:55:29","modified_gmt":"2025-12-07T09:55:29","slug":"eva-witwer","status":"publish","type":"page","link":"https:\/\/theater-im-hayn.de\/?page_id=81","title":{"rendered":"Eva Witwer"},"content":{"rendered":"\n<div class=\"wp-block-group\"><div class=\"wp-block-group__inner-container is-layout-flow wp-block-group-is-layout-flow\">\n<div class=\"wp-block-group\"><div class=\"wp-block-group__inner-container is-layout-flow wp-block-group-is-layout-flow\"><div class=\"wp-block-image\">\n<figure class=\"alignright size-large is-resized\"><img loading=\"lazy\" decoding=\"async\" width=\"755\" height=\"1016\" src=\"https:\/\/theater-im-hayn.de\/wp-content\/uploads\/2021\/01\/Portrait-Eva.jpg\" alt=\"\" class=\"wp-image-82\" style=\"width:192px;height:258px\" srcset=\"https:\/\/theater-im-hayn.de\/wp-content\/uploads\/2021\/01\/Portrait-Eva.jpg 755w, https:\/\/theater-im-hayn.de\/wp-content\/uploads\/2021\/01\/Portrait-Eva-223x300.jpg 223w\" sizes=\"auto, (max-width: 706px) 89vw, (max-width: 767px) 82vw, 740px\" \/><\/figure><\/div><\/div><\/div>\n<\/div><\/div>\n\n\n\n<p>Eva Witwer spielte ihre erste Rolle 1987 in &#8222;Lauf doch nicht immer weg&#8220; beim Odenwaldklub Dreieich. Seit dieser Zeit blieb sie der B\u00fchne, mit einigen Unterbrechungen, treu. 2008 geh\u00f6rte sie zu den Gr\u00fcndungsmitgliedern des Theater im Hayn e.V. Neben der Schauspielerei ist Eva zudem als Regieassistentin und Souffleuse ein wichtiger Teil des Ensembles. In gleicher Funktion unterst\u00fctzt sie auch seit einigen Jahren die Theatergruppe des Geschichts- und Heimatverein Dreieichenhain.<\/p>\n\n\n\n<div class=\"wp-block-group\"><div class=\"wp-block-group__inner-container is-layout-flow wp-block-group-is-layout-flow\">\n<figure class=\"wp-block-table is-style-stripes\"><table><tbody><tr><td><strong>Jahr<\/strong><\/td><td><strong>St\u00fcck<\/strong><\/td><td><strong>Rolle \/ Aufgabe<\/strong><\/td><\/tr><tr><td>2026<\/td><td><a href=\"https:\/\/theater-im-hayn.de\/?page_id=585\" data-type=\"page\" data-id=\"585\">L\u00fcgen \u00fcber L\u00fcgen<\/a><\/td><td>Souffleuse<\/td><\/tr><tr><td>2025<\/td><td><a href=\"https:\/\/theater-im-hayn.de\/?page_id=507\" data-type=\"page\" data-id=\"507\">Zum Henker mit den Henks<\/a><\/td><td>Souffleuse<\/td><\/tr><tr><td>2024<\/td><td><a href=\"https:\/\/theater-im-hayn.de\/?page_id=441\" data-type=\"page\" data-id=\"441\">Wer ist schon gern der Trottel<\/a><\/td><td>Souffleuse &amp; Regieassistenz<\/td><\/tr><tr><td>2023<\/td><td><a href=\"https:\/\/theater-im-hayn.de\/?page_id=311\" data-type=\"page\" data-id=\"311\">Eine etwas sonderbare Dame<\/a><\/td><td>Lily Belle Savage<\/td><\/tr><tr><td>2022<\/td><td><a href=\"https:\/\/theater-im-hayn.de\/?page_id=259\" data-type=\"page\" data-id=\"259\">Es f\u00e4hrt kein Zug nach Irgendwo<\/a><\/td><td>Larissa, eine Kegelschwester<\/td><\/tr><tr><td>2020<\/td><td><a href=\"https:\/\/theater-im-hayn.de\/?page_id=222\" data-type=\"page\" data-id=\"222\">Bubblegum und Brillanten<\/a><\/td><td>Souffleuse &amp; Regieassistenz<\/td><\/tr><tr><td>2019<\/td><td><a href=\"https:\/\/theater-im-hayn.de\/?page_id=234\" data-type=\"page\" data-id=\"234\">Ein gem\u00fctliches Wochenende<\/a><\/td><td>Souffleuse &amp; Regieassistenz<\/td><\/tr><tr><td>2018<\/td><td><a href=\"https:\/\/theater-im-hayn.de\/?page_id=237\" data-type=\"page\" data-id=\"237\">Neurosige Zeiten<\/a><\/td><td>Souffleuse &amp; Regieassistenz<\/td><\/tr><tr><td>2017<\/td><td><a href=\"https:\/\/theater-im-hayn.de\/?page_id=239\" data-type=\"page\" data-id=\"239\">Party im Strandkorb<\/a><\/td><td>Erika Thews<\/td><\/tr><tr><td>2016<\/td><td><a href=\"https:\/\/theater-im-hayn.de\/?page_id=241\" data-type=\"page\" data-id=\"241\">Keine Leiche ohne Lily<\/a><\/td><td>Souffleuse<\/td><\/tr><tr><td>2015<\/td><td><a href=\"https:\/\/theater-im-hayn.de\/?page_id=244\" data-type=\"page\" data-id=\"244\">Die Balkonszene<\/a><\/td><td>Anna-Maria Lopez<\/td><\/tr><tr><td>2014<\/td><td>Wie w\u00e4r&#8217;s denn, Mrs. Markham?<\/td><td>Olive Harriet Smythe<\/td><\/tr><tr><td>2012<\/td><td>Total durchgedreht<\/td><td>Anita Mauser<\/td><\/tr><tr><td>2011<\/td><td>Hier sind Sie richtig!<\/td><td>Janine<\/td><\/tr><tr><td>2010<\/td><td>Wenn schon &#8211; denn schon<\/td><td>Die Managerin<\/td><\/tr><tr><td>2009<\/td><td>Verl\u00e4ngertes Wochenende<\/td><td>Doris<\/td><\/tr><\/tbody><\/table><\/figure>\n<\/div><\/div>\n","protected":false},"excerpt":{"rendered":"<p>Eva Witwer spielte ihre erste Rolle 1987 in &#8222;Lauf doch nicht immer weg&#8220; beim Odenwaldklub Dreieich. Seit dieser Zeit blieb sie der B\u00fchne, mit einigen Unterbrechungen, treu. 2008 geh\u00f6rte sie zu den Gr\u00fcndungsmitgliedern des Theater im Hayn e.V. Neben der Schauspielerei ist Eva zudem als Regieassistentin und Souffleuse ein wichtiger Teil des Ensembles. In gleicher &hellip; <\/p>\n<p class=\"link-more\"><a href=\"https:\/\/theater-im-hayn.de\/?page_id=81\" class=\"more-link\"><span class=\"screen-reader-text\">\u201eEva Witwer\u201c<\/span> weiterlesen<\/a><\/p>\n","protected":false},"author":1,"featured_media":0,"parent":0,"menu_order":0,"comment_status":"closed","ping_status":"closed","template":"","meta":{"footnotes":""},"class_list":["post-81","page","type-page","status-publish","hentry"],"_links":{"self":[{"href":"https:\/\/theater-im-hayn.de\/index.php?rest_route=\/wp\/v2\/pages\/81","targetHints":{"allow":["GET"]}}],"collection":[{"href":"https:\/\/theater-im-hayn.de\/index.php?rest_route=\/wp\/v2\/pages"}],"about":[{"href":"https:\/\/theater-im-hayn.de\/index.php?rest_route=\/wp\/v2\/types\/page"}],"author":[{"embeddable":true,"href":"https:\/\/theater-im-hayn.de\/index.php?rest_route=\/wp\/v2\/users\/1"}],"replies":[{"embeddable":true,"href":"https:\/\/theater-im-hayn.de\/index.php?rest_route=%2Fwp%2Fv2%2Fcomments&post=81"}],"version-history":[{"count":13,"href":"https:\/\/theater-im-hayn.de\/index.php?rest_route=\/wp\/v2\/pages\/81\/revisions"}],"predecessor-version":[{"id":592,"href":"https:\/\/theater-im-hayn.de\/index.php?rest_route=\/wp\/v2\/pages\/81\/revisions\/592"}],"wp:attachment":[{"href":"https:\/\/theater-im-hayn.de\/index.php?rest_route=%2Fwp%2Fv2%2Fmedia&parent=81"}],"curies":[{"name":"wp","href":"https:\/\/api.w.org\/{rel}","templated":true}]}}