{"id":71,"date":"2021-01-04T21:11:18","date_gmt":"2021-01-04T20:11:18","guid":{"rendered":"http:\/\/theater-im-hayn.de\/?page_id=71"},"modified":"2025-12-07T10:58:26","modified_gmt":"2025-12-07T09:58:26","slug":"ursula-seib","status":"publish","type":"page","link":"https:\/\/theater-im-hayn.de\/?page_id=71","title":{"rendered":"Ursula Seib"},"content":{"rendered":"\n<div class=\"wp-block-group\"><div class=\"wp-block-group__inner-container is-layout-flow wp-block-group-is-layout-flow\">\n<div class=\"wp-block-group\"><div class=\"wp-block-group__inner-container is-layout-flow wp-block-group-is-layout-flow\"><div class=\"wp-block-image is-style-default\">\n<figure class=\"alignright size-large is-resized\"><img loading=\"lazy\" decoding=\"async\" width=\"1024\" height=\"962\" src=\"https:\/\/theater-im-hayn.de\/wp-content\/uploads\/2021\/01\/Portrait-Uschi-1024x962.jpg\" alt=\"\" class=\"wp-image-73\" style=\"width:326px;height:307px\" srcset=\"https:\/\/theater-im-hayn.de\/wp-content\/uploads\/2021\/01\/Portrait-Uschi-1024x962.jpg 1024w, https:\/\/theater-im-hayn.de\/wp-content\/uploads\/2021\/01\/Portrait-Uschi-300x282.jpg 300w, https:\/\/theater-im-hayn.de\/wp-content\/uploads\/2021\/01\/Portrait-Uschi-768x721.jpg 768w, https:\/\/theater-im-hayn.de\/wp-content\/uploads\/2021\/01\/Portrait-Uschi-1536x1442.jpg 1536w, https:\/\/theater-im-hayn.de\/wp-content\/uploads\/2021\/01\/Portrait-Uschi.jpg 2000w\" sizes=\"auto, (max-width: 767px) 89vw, (max-width: 1000px) 54vw, (max-width: 1071px) 543px, 580px\" \/><\/figure><\/div><\/div><\/div>\n\n\n\n<p>Ursula Seib sammelte erste B\u00fchnenerfahrung im Geschichts- und Heimatverein Dreieichenhain, wo sie von 1984 bis 1991 in diversen Produktionen mitspielte. Parallel dazu wirkte sie ab 1987 in der Theatergruppe des Odenwaldklub Dreieich mit. 2008 geh\u00f6rte sie zu den Gr\u00fcndungsmitglieder des Theater im Hayn e.V. und ist seitdem unsere 1. Vorsitzende. Neben ihrem Engagement als Darstellerin und Vorsitzende, f\u00fchrte sie 2015 erstmals Regie und inzeniert seitdem regelm\u00e4\u00dfig die St\u00fccke des Theater im Hayn.<\/p>\n<\/div><\/div>\n\n\n\n<figure class=\"wp-block-table is-style-stripes\"><table><tbody><tr><td><strong>Jahr<\/strong><\/td><td><strong>St\u00fcck<\/strong><\/td><td><strong>Rolle \/ Aufgabe<\/strong><\/td><\/tr><tr><td>2026<\/td><td><a href=\"https:\/\/theater-im-hayn.de\/?page_id=585\" data-type=\"page\" data-id=\"585\">L\u00fcgen \u00fcber L\u00fcgen<\/a><\/td><td>Regie<\/td><\/tr><tr><td>2025<\/td><td><a href=\"https:\/\/theater-im-hayn.de\/?page_id=507\" data-type=\"page\" data-id=\"507\">Zum Henker mit den Henks<\/a><\/td><td>Regie<\/td><\/tr><tr><td>2024<\/td><td><a href=\"https:\/\/theater-im-hayn.de\/?page_id=441\" data-type=\"page\" data-id=\"441\">Wer ist schon gern der Trottel?<\/a><\/td><td>Regie<\/td><\/tr><tr><td>2023<\/td><td><a href=\"https:\/\/theater-im-hayn.de\/?page_id=311\" data-type=\"page\" data-id=\"311\">Eine etwas sonderbare Dame<\/a><\/td><td>Miss Willie &amp; Regie<\/td><\/tr><tr><td>2022<\/td><td><a href=\"https:\/\/theater-im-hayn.de\/?page_id=259\" data-type=\"page\" data-id=\"259\">Es f\u00e4hrt kein Zug nach Irgendwo<\/a><\/td><td>Ilse, die Psychopathin &amp; Telefonstimme &amp; Regie<\/td><\/tr><tr><td>2020<\/td><td><a href=\"https:\/\/theater-im-hayn.de\/?page_id=222\" data-type=\"page\" data-id=\"222\">Bubblegum und Brillanten<\/a><\/td><td>Clara &amp; Regie<\/td><\/tr><tr><td>2019<\/td><td><a href=\"https:\/\/theater-im-hayn.de\/?page_id=234\" data-type=\"page\" data-id=\"234\">Ein gem\u00fctliches Wochenende<\/a><\/td><td>Regie<\/td><\/tr><tr><td>2018<\/td><td><a href=\"https:\/\/theater-im-hayn.de\/?page_id=237\" data-type=\"page\" data-id=\"237\">Neurosige Zeiten<\/a><\/td><td>C\u00e9cile Adolon &amp; Regie<\/td><\/tr><tr><td>2017<\/td><td><a href=\"https:\/\/theater-im-hayn.de\/?page_id=239\" data-type=\"page\" data-id=\"239\">Party im Strandkorb<\/a><\/td><td>Regie<\/td><\/tr><tr><td>2016<\/td><td><a href=\"https:\/\/theater-im-hayn.de\/?page_id=241\" data-type=\"page\" data-id=\"241\">Keine Leiche ohne Lily<\/a><\/td><td>Lisbeth &#8222;Lily&#8220; Pfeifer<\/td><\/tr><tr><td>2015<\/td><td><a href=\"https:\/\/theater-im-hayn.de\/?page_id=244\" data-type=\"page\" data-id=\"244\">Die Balkonszene<\/a><\/td><td>Mrs. Meadows &amp; Regie<\/td><\/tr><tr><td>2014<\/td><td>Wie w\u00e4r&#8217;s denn, Mrs. Markham?<\/td><td>Joanne Markham<\/td><\/tr><tr><td>2012<\/td><td>Total durchgedreht<\/td><td>Hilde Hummel<\/td><\/tr><tr><td>2011<\/td><td>Hier sind Sie richtig!<\/td><td>Georgette<\/td><\/tr><tr><td>2010<\/td><td>Wenn schon &#8211; denn schon<\/td><td>Pamela Willey<\/td><\/tr><tr><td>2009<\/td><td>Verl\u00e4ngertes Wochenende<\/td><td>Karin<\/td><\/tr><\/tbody><\/table><\/figure>\n","protected":false},"excerpt":{"rendered":"<p>Ursula Seib sammelte erste B\u00fchnenerfahrung im Geschichts- und Heimatverein Dreieichenhain, wo sie von 1984 bis 1991 in diversen Produktionen mitspielte. Parallel dazu wirkte sie ab 1987 in der Theatergruppe des Odenwaldklub Dreieich mit. 2008 geh\u00f6rte sie zu den Gr\u00fcndungsmitglieder des Theater im Hayn e.V. und ist seitdem unsere 1. Vorsitzende. Neben ihrem Engagement als Darstellerin &hellip; <\/p>\n<p class=\"link-more\"><a href=\"https:\/\/theater-im-hayn.de\/?page_id=71\" class=\"more-link\"><span class=\"screen-reader-text\">\u201eUrsula Seib\u201c<\/span> weiterlesen<\/a><\/p>\n","protected":false},"author":1,"featured_media":0,"parent":0,"menu_order":0,"comment_status":"closed","ping_status":"closed","template":"","meta":{"footnotes":""},"class_list":["post-71","page","type-page","status-publish","hentry"],"_links":{"self":[{"href":"https:\/\/theater-im-hayn.de\/index.php?rest_route=\/wp\/v2\/pages\/71","targetHints":{"allow":["GET"]}}],"collection":[{"href":"https:\/\/theater-im-hayn.de\/index.php?rest_route=\/wp\/v2\/pages"}],"about":[{"href":"https:\/\/theater-im-hayn.de\/index.php?rest_route=\/wp\/v2\/types\/page"}],"author":[{"embeddable":true,"href":"https:\/\/theater-im-hayn.de\/index.php?rest_route=\/wp\/v2\/users\/1"}],"replies":[{"embeddable":true,"href":"https:\/\/theater-im-hayn.de\/index.php?rest_route=%2Fwp%2Fv2%2Fcomments&post=71"}],"version-history":[{"count":14,"href":"https:\/\/theater-im-hayn.de\/index.php?rest_route=\/wp\/v2\/pages\/71\/revisions"}],"predecessor-version":[{"id":596,"href":"https:\/\/theater-im-hayn.de\/index.php?rest_route=\/wp\/v2\/pages\/71\/revisions\/596"}],"wp:attachment":[{"href":"https:\/\/theater-im-hayn.de\/index.php?rest_route=%2Fwp%2Fv2%2Fmedia&parent=71"}],"curies":[{"name":"wp","href":"https:\/\/api.w.org\/{rel}","templated":true}]}}