{"id":617,"date":"2026-03-14T11:35:20","date_gmt":"2026-03-14T10:35:20","guid":{"rendered":"https:\/\/theater-im-hayn.de\/?page_id=617"},"modified":"2026-03-14T11:51:41","modified_gmt":"2026-03-14T10:51:41","slug":"stella-lachmann","status":"publish","type":"page","link":"https:\/\/theater-im-hayn.de\/?page_id=617","title":{"rendered":"Stella Lachmann"},"content":{"rendered":"\n<div class=\"wp-block-group\"><div class=\"wp-block-group__inner-container is-layout-constrained wp-block-group-is-layout-constrained\"><div class=\"wp-block-image is-style-rounded\">\n<figure class=\"alignright size-large is-resized\"><img loading=\"lazy\" decoding=\"async\" width=\"808\" height=\"1024\" src=\"https:\/\/theater-im-hayn.de\/wp-content\/uploads\/2026\/03\/5a0271dc-6801-4461-867a-e782c19b162d-1-808x1024.jpg\" alt=\"\" class=\"wp-image-619\" style=\"width:230px;height:auto\" srcset=\"https:\/\/theater-im-hayn.de\/wp-content\/uploads\/2026\/03\/5a0271dc-6801-4461-867a-e782c19b162d-1-808x1024.jpg 808w, https:\/\/theater-im-hayn.de\/wp-content\/uploads\/2026\/03\/5a0271dc-6801-4461-867a-e782c19b162d-1-237x300.jpg 237w, https:\/\/theater-im-hayn.de\/wp-content\/uploads\/2026\/03\/5a0271dc-6801-4461-867a-e782c19b162d-1-768x973.jpg 768w, https:\/\/theater-im-hayn.de\/wp-content\/uploads\/2026\/03\/5a0271dc-6801-4461-867a-e782c19b162d-1.jpg 1080w\" sizes=\"auto, (max-width: 767px) 89vw, (max-width: 1000px) 54vw, (max-width: 1071px) 543px, 580px\" \/><\/figure><\/div><\/div><\/div>\n\n\n\n<p>Als Sch\u00fclerin schnupperte Stella das erste Mal Theaterluft als Ensemblemitglied der Theater AG ihrer Schule. 2010 schloss sie sich dem Kunstforum an und wirkte \u00fcber die Jahre in diversen Produktionen mit. Eines ihrer Highlights war die Besetzung in der Hauptrolle des Theaterst\u00fccks &#8222;Was ihr wollt&#8220; im Rahmen des Theaterprojekts &#8222;Shakespeare am Main&#8220;. Nach einigen Jahren Pause spielt Stella seit 2024 beim Theater im Hayn und steht zudem beim Burgtheater Dreieichenhain auf der B\u00fchne.<\/p>\n\n\n\n<figure class=\"wp-block-table is-style-stripes\"><table class=\"has-fixed-layout\"><tbody><tr><td><strong>Jahr<\/strong><\/td><td><strong>St\u00fcck<\/strong><\/td><td><strong>Rolle \/ Aufgabe<\/strong><\/td><\/tr><tr><td>2026<\/td><td><a href=\"https:\/\/theater-im-hayn.de\/?page_id=585\" data-type=\"page\" data-id=\"585\">L\u00fcgen \u00fcber L\u00fcgen<\/a><\/td><td>Erika Bubek<\/td><\/tr><tr><td>2025<\/td><td><a href=\"https:\/\/theater-im-hayn.de\/?page_id=507\" data-type=\"page\" data-id=\"507\">Zum Henker mit den Henks<\/a><\/td><td>Edna Honeywell<\/td><\/tr><\/tbody><\/table><\/figure>\n\n\n\n<p><\/p>\n","protected":false},"excerpt":{"rendered":"<p>Als Sch\u00fclerin schnupperte Stella das erste Mal Theaterluft als Ensemblemitglied der Theater AG ihrer Schule. 2010 schloss sie sich dem Kunstforum an und wirkte \u00fcber die Jahre in diversen Produktionen mit. Eines ihrer Highlights war die Besetzung in der Hauptrolle des Theaterst\u00fccks &#8222;Was ihr wollt&#8220; im Rahmen des Theaterprojekts &#8222;Shakespeare am Main&#8220;. Nach einigen Jahren &hellip; <\/p>\n<p class=\"link-more\"><a href=\"https:\/\/theater-im-hayn.de\/?page_id=617\" class=\"more-link\"><span class=\"screen-reader-text\">\u201eStella Lachmann\u201c<\/span> weiterlesen<\/a><\/p>\n","protected":false},"author":1,"featured_media":0,"parent":0,"menu_order":0,"comment_status":"closed","ping_status":"closed","template":"","meta":{"footnotes":""},"class_list":["post-617","page","type-page","status-publish","hentry"],"_links":{"self":[{"href":"https:\/\/theater-im-hayn.de\/index.php?rest_route=\/wp\/v2\/pages\/617","targetHints":{"allow":["GET"]}}],"collection":[{"href":"https:\/\/theater-im-hayn.de\/index.php?rest_route=\/wp\/v2\/pages"}],"about":[{"href":"https:\/\/theater-im-hayn.de\/index.php?rest_route=\/wp\/v2\/types\/page"}],"author":[{"embeddable":true,"href":"https:\/\/theater-im-hayn.de\/index.php?rest_route=\/wp\/v2\/users\/1"}],"replies":[{"embeddable":true,"href":"https:\/\/theater-im-hayn.de\/index.php?rest_route=%2Fwp%2Fv2%2Fcomments&post=617"}],"version-history":[{"count":7,"href":"https:\/\/theater-im-hayn.de\/index.php?rest_route=\/wp\/v2\/pages\/617\/revisions"}],"predecessor-version":[{"id":634,"href":"https:\/\/theater-im-hayn.de\/index.php?rest_route=\/wp\/v2\/pages\/617\/revisions\/634"}],"wp:attachment":[{"href":"https:\/\/theater-im-hayn.de\/index.php?rest_route=%2Fwp%2Fv2%2Fmedia&parent=617"}],"curies":[{"name":"wp","href":"https:\/\/api.w.org\/{rel}","templated":true}]}}