{"id":507,"date":"2024-09-04T19:05:02","date_gmt":"2024-09-04T17:05:02","guid":{"rendered":"https:\/\/theater-im-hayn.de\/?page_id=507"},"modified":"2026-03-14T11:38:28","modified_gmt":"2026-03-14T10:38:28","slug":"zum-henker-mit-den-henks","status":"publish","type":"page","link":"https:\/\/theater-im-hayn.de\/?page_id=507","title":{"rendered":"Zum Henker mit den Henks"},"content":{"rendered":"\n<h2 class=\"wp-block-heading has-large-font-size\">Zum Henker mit den Henks<\/h2>\n\n\n\n<p>15. Produktion, Spielzeit 2025<\/p>\n\n\n\n<p><em>Ein Comedy-Thriller von Norman Robbins<\/em><\/p>\n\n\n\n<p>Regie &amp; Bearbeitung: <a href=\"https:\/\/theater-im-hayn.de\/?page_id=71\" data-type=\"page\" data-id=\"71\">Ursula Seib<\/a><\/p>\n\n\n\n<figure class=\"wp-block-gallery has-nested-images columns-default is-cropped wp-block-gallery-1 is-layout-flex wp-block-gallery-is-layout-flex\">\n<figure class=\"wp-block-image size-full\"><img loading=\"lazy\" decoding=\"async\" width=\"693\" height=\"985\" data-id=\"526\" src=\"https:\/\/theater-im-hayn.de\/wp-content\/uploads\/2025\/01\/Flyer_Henks.jpg\" alt=\"\" class=\"wp-image-526\" srcset=\"https:\/\/theater-im-hayn.de\/wp-content\/uploads\/2025\/01\/Flyer_Henks.jpg 693w, https:\/\/theater-im-hayn.de\/wp-content\/uploads\/2025\/01\/Flyer_Henks-211x300.jpg 211w\" sizes=\"auto, (max-width: 693px) 100vw, 693px\" \/><\/figure>\n\n\n\n<figure class=\"wp-block-image size-full\"><img loading=\"lazy\" decoding=\"async\" width=\"1920\" height=\"1280\" data-id=\"559\" src=\"http:\/\/theater-im-hayn.de\/wp-content\/uploads\/2025\/04\/20250403-Henks-016-.jpg\" alt=\"\" class=\"wp-image-559\" srcset=\"https:\/\/theater-im-hayn.de\/wp-content\/uploads\/2025\/04\/20250403-Henks-016-.jpg 1920w, https:\/\/theater-im-hayn.de\/wp-content\/uploads\/2025\/04\/20250403-Henks-016--300x200.jpg 300w, https:\/\/theater-im-hayn.de\/wp-content\/uploads\/2025\/04\/20250403-Henks-016--1024x683.jpg 1024w, https:\/\/theater-im-hayn.de\/wp-content\/uploads\/2025\/04\/20250403-Henks-016--768x512.jpg 768w, https:\/\/theater-im-hayn.de\/wp-content\/uploads\/2025\/04\/20250403-Henks-016--1536x1024.jpg 1536w\" sizes=\"auto, (max-width: 767px) 89vw, (max-width: 1000px) 54vw, (max-width: 1071px) 543px, 580px\" \/><\/figure>\n\n\n\n<figure class=\"wp-block-image size-full\"><img loading=\"lazy\" decoding=\"async\" width=\"1920\" height=\"1920\" data-id=\"562\" src=\"https:\/\/theater-im-hayn.de\/wp-content\/uploads\/2025\/04\/20250403-Henks-065-.jpg\" alt=\"\" class=\"wp-image-562\" srcset=\"https:\/\/theater-im-hayn.de\/wp-content\/uploads\/2025\/04\/20250403-Henks-065-.jpg 1920w, https:\/\/theater-im-hayn.de\/wp-content\/uploads\/2025\/04\/20250403-Henks-065--300x300.jpg 300w, https:\/\/theater-im-hayn.de\/wp-content\/uploads\/2025\/04\/20250403-Henks-065--1024x1024.jpg 1024w, https:\/\/theater-im-hayn.de\/wp-content\/uploads\/2025\/04\/20250403-Henks-065--150x150.jpg 150w, https:\/\/theater-im-hayn.de\/wp-content\/uploads\/2025\/04\/20250403-Henks-065--768x768.jpg 768w, https:\/\/theater-im-hayn.de\/wp-content\/uploads\/2025\/04\/20250403-Henks-065--1536x1536.jpg 1536w, https:\/\/theater-im-hayn.de\/wp-content\/uploads\/2025\/04\/20250403-Henks-065--100x100.jpg 100w\" sizes=\"auto, (max-width: 767px) 89vw, (max-width: 1000px) 54vw, (max-width: 1071px) 543px, 580px\" \/><\/figure>\n\n\n\n<figure class=\"wp-block-image size-full\"><img loading=\"lazy\" decoding=\"async\" width=\"1920\" height=\"1920\" data-id=\"561\" src=\"https:\/\/theater-im-hayn.de\/wp-content\/uploads\/2025\/04\/20250403-Henks-031-.jpg\" alt=\"\" class=\"wp-image-561\" srcset=\"https:\/\/theater-im-hayn.de\/wp-content\/uploads\/2025\/04\/20250403-Henks-031-.jpg 1920w, https:\/\/theater-im-hayn.de\/wp-content\/uploads\/2025\/04\/20250403-Henks-031--300x300.jpg 300w, https:\/\/theater-im-hayn.de\/wp-content\/uploads\/2025\/04\/20250403-Henks-031--1024x1024.jpg 1024w, https:\/\/theater-im-hayn.de\/wp-content\/uploads\/2025\/04\/20250403-Henks-031--150x150.jpg 150w, https:\/\/theater-im-hayn.de\/wp-content\/uploads\/2025\/04\/20250403-Henks-031--768x768.jpg 768w, https:\/\/theater-im-hayn.de\/wp-content\/uploads\/2025\/04\/20250403-Henks-031--1536x1536.jpg 1536w, https:\/\/theater-im-hayn.de\/wp-content\/uploads\/2025\/04\/20250403-Henks-031--100x100.jpg 100w\" sizes=\"auto, (max-width: 767px) 89vw, (max-width: 1000px) 54vw, (max-width: 1071px) 543px, 580px\" \/><\/figure>\n\n\n\n<figure class=\"wp-block-image size-full\"><img loading=\"lazy\" decoding=\"async\" width=\"1920\" height=\"1920\" data-id=\"560\" src=\"https:\/\/theater-im-hayn.de\/wp-content\/uploads\/2025\/04\/20250403-Henks-024-.jpg\" alt=\"\" class=\"wp-image-560\" srcset=\"https:\/\/theater-im-hayn.de\/wp-content\/uploads\/2025\/04\/20250403-Henks-024-.jpg 1920w, https:\/\/theater-im-hayn.de\/wp-content\/uploads\/2025\/04\/20250403-Henks-024--300x300.jpg 300w, https:\/\/theater-im-hayn.de\/wp-content\/uploads\/2025\/04\/20250403-Henks-024--1024x1024.jpg 1024w, https:\/\/theater-im-hayn.de\/wp-content\/uploads\/2025\/04\/20250403-Henks-024--150x150.jpg 150w, https:\/\/theater-im-hayn.de\/wp-content\/uploads\/2025\/04\/20250403-Henks-024--768x768.jpg 768w, https:\/\/theater-im-hayn.de\/wp-content\/uploads\/2025\/04\/20250403-Henks-024--1536x1536.jpg 1536w, https:\/\/theater-im-hayn.de\/wp-content\/uploads\/2025\/04\/20250403-Henks-024--100x100.jpg 100w\" sizes=\"auto, (max-width: 767px) 89vw, (max-width: 1000px) 54vw, (max-width: 1071px) 543px, 580px\" \/><\/figure>\n\n\n\n<figure class=\"wp-block-image size-full\"><img loading=\"lazy\" decoding=\"async\" width=\"1920\" height=\"1280\" data-id=\"558\" src=\"https:\/\/theater-im-hayn.de\/wp-content\/uploads\/2025\/04\/20250403-Henks-038-.jpg\" alt=\"\" class=\"wp-image-558\" srcset=\"https:\/\/theater-im-hayn.de\/wp-content\/uploads\/2025\/04\/20250403-Henks-038-.jpg 1920w, https:\/\/theater-im-hayn.de\/wp-content\/uploads\/2025\/04\/20250403-Henks-038--300x200.jpg 300w, https:\/\/theater-im-hayn.de\/wp-content\/uploads\/2025\/04\/20250403-Henks-038--1024x683.jpg 1024w, https:\/\/theater-im-hayn.de\/wp-content\/uploads\/2025\/04\/20250403-Henks-038--768x512.jpg 768w, https:\/\/theater-im-hayn.de\/wp-content\/uploads\/2025\/04\/20250403-Henks-038--1536x1024.jpg 1536w\" sizes=\"auto, (max-width: 767px) 89vw, (max-width: 1000px) 54vw, (max-width: 1071px) 543px, 580px\" \/><\/figure>\n<\/figure>\n\n\n\n<p>Im Moor gelegen, liegt das Monument House, der Familienbesitz der \u201eHenks&#8220;. Hier sind seltsame Dinge geschehen, denn das Morden war von jeher die gemeinsame Leidenschaft der Familie. Ihre Taten blieben alle unentdeckt oder man konnte Ihnen nie etwas nachweisen.<\/p>\n\n\n\n<p>Nach dem Tod von Septimus Henk blieb der Landsitz lange Zeit unbewohnt. Der Notar, Mr. Crayle, hat nun alle noch lebenden Familienmitglieder ins Monument House eingeladen, ohne nahere Angaben zu machen. Begleitet wird er von seiner Sekretarin Zoe Marpleton.<\/p>\n\n\n\n<p>Der Landsitz wird von Vernon und Edna, die beide \u00fcber eine Agentur engagiert wurden, auf den Besuch vorbereitet.<\/p>\n\n\n\n<p>Alle Henks treffen bald nacheinander ein: Octavia, Augustus, Fabia, Henry und Arthur. Die Begr\u00fc\u00dfung f\u00e4llt nicht unbedingt freundschaftlich aus, sie hat eher die Hoffnung auf ein gro\u00dfz\u00fcgiges Erbe hierhergetrieben.<\/p>\n\n\n\n<p>Als pl\u00f6tzlich aus dem Nichts ein v\u00f6llig Unbekannter in Gestalt eines Clowns auftaucht, der wegen einer Autopanne Hilfe sucht, wird die Situation spannend und es geschieht das, was schon immer im Monument House passiert: es verschwinden Personen auf mysteriose Art und Weise&#8230;<\/p>\n\n\n\n<p>Mit dieser schwarzen Kom\u00f6die wird das Publikum &#8211; bis sprichw\u00f6rtlich auf die letzte Minute &#8211; in Atem gehalten.<\/p>\n\n\n\n<p><strong>Mitwirkende<\/strong><\/p>\n\n\n\n<figure class=\"wp-block-table is-style-stripes\"><table class=\"has-fixed-layout\"><tbody><tr><td>Vernon Previtt<\/td><td><a href=\"https:\/\/theater-im-hayn.de\/?page_id=159\" data-type=\"page\" data-id=\"159\">Gerd Schaffert<\/a><\/td><\/tr><tr><td>Edna Honeywell<\/td><td><a href=\"https:\/\/theater-im-hayn.de\/?page_id=617\" data-type=\"page\" data-id=\"617\">Stella Lachmann<\/a><\/td><\/tr><tr><td>Zoe Mapleton<\/td><td><a href=\"https:\/\/theater-im-hayn.de\/?page_id=139\" data-type=\"page\" data-id=\"139\">Francesca Eifler<\/a><\/td><\/tr><tr><td>Mortimer Crayle<\/td><td><a href=\"https:\/\/theater-im-hayn.de\/?page_id=182\" data-type=\"page\" data-id=\"182\">Holger Schmidt<\/a><\/td><\/tr><tr><td>Larry Lewiss<\/td><td><a href=\"https:\/\/theater-im-hayn.de\/?page_id=134\" data-type=\"page\" data-id=\"134\">Maximilian Nowak<\/a><\/td><\/tr><tr><td>Octavia Henk<\/td><td>Heike Weeber-Runge<\/td><\/tr><tr><td>Augustus Henk<\/td><td><a href=\"https:\/\/theater-im-hayn.de\/?page_id=100\" data-type=\"page\" data-id=\"100\">Martin Tr\u00fcbner<\/a><\/td><\/tr><tr><td>Henry Henk<\/td><td><a href=\"https:\/\/theater-im-hayn.de\/?page_id=347\" data-type=\"page\" data-id=\"347\">Carsten Kahl<\/a><\/td><\/tr><tr><td>Fabia Henk<\/td><td>Elena Zaltur<\/td><\/tr><tr><td>Arthur Henk<\/td><td>Dirk Kowalksi<\/td><\/tr><\/tbody><\/table><\/figure>\n\n\n\n<figure class=\"wp-block-table is-style-stripes\"><table class=\"has-fixed-layout\"><tbody><tr><td>Regie &amp; Bearbeitung<\/td><td><a href=\"https:\/\/theater-im-hayn.de\/?page_id=71\" data-type=\"page\" data-id=\"71\">Ursula Seib<\/a><\/td><\/tr><tr><td>Regieassistenz<\/td><td><a href=\"https:\/\/theater-im-hayn.de\/?page_id=114\" data-type=\"page\" data-id=\"114\">Petra Kreiner<\/a><\/td><\/tr><tr><td>Souffleuse<\/td><td><a href=\"https:\/\/theater-im-hayn.de\/?page_id=81\" data-type=\"page\" data-id=\"81\">Eva Witwer<\/a><\/td><\/tr><tr><td>B\u00fchnenbild<\/td><td><a href=\"https:\/\/theater-im-hayn.de\/?page_id=71\" data-type=\"page\" data-id=\"71\">Ursula Seib<\/a><\/td><\/tr><tr><td>Presse \/ Flyer<\/td><td><a href=\"https:\/\/theater-im-hayn.de\/?page_id=71\" data-type=\"page\" data-id=\"71\">Ursula Seib<\/a> \/ <a href=\"https:\/\/theater-im-hayn.de\/?page_id=139\" data-type=\"page\" data-id=\"139\">Francesca Eifler<\/a><\/td><\/tr><tr><td>Kost\u00fcme &amp; Technik<\/td><td>Ensemble<\/td><\/tr><tr><td>Verlag<\/td><td>VVB Verlag, Norderstedt<\/td><\/tr><\/tbody><\/table><\/figure>\n\n\n\n<p><strong>Termine<\/strong><br>Samstag, 05. April 2025 um 19:30 Uhr in Egelsbach<br>Samstag, 12. April 2025 um 19:30 Uhr in Dreieich-Sprendlingen<br>Sonntag, 13. April 2025 um 18 Uhr in Dreieich-Sprendlingen<\/p>\n\n\n\n<p><strong>Auff\u00fchrungsorte<\/strong><br><em>Saalbau Eigenheim Egelsbach<\/em><br>Kirchstra\u00dfe 19<br>63329 Egelsbach<br><a href=\"https:\/\/eigenheim-egelsbach.de\/\" data-type=\"link\" data-id=\"https:\/\/eigenheim-egelsbach.de\/\"><em>Webseite des Saalbau Eigenheim<\/em><\/a><\/p>\n\n\n\n<p><em>B\u00fcrgerh\u00e4user Dreieich<\/em><br>Fichtestra\u00dfe 50<br>63303 Dreieich-Sprendlingen<br><br>Eintrittskarten gibt es im Vorverkauf bei<br>B\u00fcrgerh\u00e4user Dreieich<br>Fichtestr. 50<br>63303 Dreieich-Sprendlingen<br>Tel.: 06103 \u2013 6000 \u2013 0<br>Und f\u00fcr die Dreieicher Vorstellungen auch online:<br><a href=\"https:\/\/www.buergerhaeuser-dreieich.de\/programm\/vereine\/zum-henker-mit-den-henks-1204\">12. April 2025 &#8211; 19:30 Uhr<\/a><br><a href=\"https:\/\/www.buergerhaeuser-dreieich.de\/programm\/vereine\/zum-henker-mit-den-henks-1304\">13. April 2025 &#8211; 18:00 Uhr<\/a><br><br>Freie Platzwahl<br>Saal\u00f6ffnung 30 Minuten vor Veranstaltungsbeginn<em>!<\/em><\/p>\n\n\n\n<p><\/p>\n","protected":false},"excerpt":{"rendered":"<p>Zum Henker mit den Henks 15. Produktion, Spielzeit 2025 Ein Comedy-Thriller von Norman Robbins Regie &amp; Bearbeitung: Ursula Seib Im Moor gelegen, liegt das Monument House, der Familienbesitz der \u201eHenks&#8220;. Hier sind seltsame Dinge geschehen, denn das Morden war von jeher die gemeinsame Leidenschaft der Familie. Ihre Taten blieben alle unentdeckt oder man konnte Ihnen &hellip; <\/p>\n<p class=\"link-more\"><a href=\"https:\/\/theater-im-hayn.de\/?page_id=507\" class=\"more-link\"><span class=\"screen-reader-text\">\u201eZum Henker mit den Henks\u201c<\/span> weiterlesen<\/a><\/p>\n","protected":false},"author":1,"featured_media":0,"parent":0,"menu_order":0,"comment_status":"closed","ping_status":"closed","template":"","meta":{"footnotes":""},"class_list":["post-507","page","type-page","status-publish","hentry"],"_links":{"self":[{"href":"https:\/\/theater-im-hayn.de\/index.php?rest_route=\/wp\/v2\/pages\/507","targetHints":{"allow":["GET"]}}],"collection":[{"href":"https:\/\/theater-im-hayn.de\/index.php?rest_route=\/wp\/v2\/pages"}],"about":[{"href":"https:\/\/theater-im-hayn.de\/index.php?rest_route=\/wp\/v2\/types\/page"}],"author":[{"embeddable":true,"href":"https:\/\/theater-im-hayn.de\/index.php?rest_route=\/wp\/v2\/users\/1"}],"replies":[{"embeddable":true,"href":"https:\/\/theater-im-hayn.de\/index.php?rest_route=%2Fwp%2Fv2%2Fcomments&post=507"}],"version-history":[{"count":10,"href":"https:\/\/theater-im-hayn.de\/index.php?rest_route=\/wp\/v2\/pages\/507\/revisions"}],"predecessor-version":[{"id":627,"href":"https:\/\/theater-im-hayn.de\/index.php?rest_route=\/wp\/v2\/pages\/507\/revisions\/627"}],"wp:attachment":[{"href":"https:\/\/theater-im-hayn.de\/index.php?rest_route=%2Fwp%2Fv2%2Fmedia&parent=507"}],"curies":[{"name":"wp","href":"https:\/\/api.w.org\/{rel}","templated":true}]}}