{"id":239,"date":"2021-06-20T16:11:29","date_gmt":"2021-06-20T14:11:29","guid":{"rendered":"http:\/\/theater-im-hayn.de\/?page_id=239"},"modified":"2025-02-23T13:47:08","modified_gmt":"2025-02-23T12:47:08","slug":"party-im-strandkorb","status":"publish","type":"page","link":"https:\/\/theater-im-hayn.de\/?page_id=239","title":{"rendered":"Party im Strandkorb"},"content":{"rendered":"\n<p class=\"has-large-font-size\">Party im Strandkorb<\/p>\n\n\n\n<p>8. Produktion, Spielzeit 2017<\/p>\n\n\n\n<p><em>Kom\u00f6die in vier Akten von Bodo Schirmer<\/em><\/p>\n\n\n\n<p><em>Regie und Bearbeitung: <a href=\"https:\/\/theater-im-hayn.de\/?page_id=71\">Ursula Seib<\/a><\/em><\/p>\n\n\n\n<p>Inselatmosph\u00e4re. Man riecht f\u00f6rmlich das Meer. Eine leichte Brise weht, die Sonne scheint. Am Strand tummeln sich die G\u00e4ste. Alles sieht sehr friedlich aus.<\/p>\n\n\n\n<p>Nur im Ferienhaus von Christa Schomaker braut sich etwas zusammen. Denn Christa plant ein letztes Treffen mit ihrer Familie, bevor sie sich von ihrem Elternhaus und ihrem nicht immer treuen Ehemann Dieter trennen will. Keiner ahnt den Grund der Einladung. Die geschw\u00e4tzige Nachbarin Gitta und die Immobilienmaklerin Erika k\u00f6nnen das Geheimnis nicht ganz f\u00fcr sich behalten und so erf\u00e4hrt die Familie hinter dem R\u00fccken von Christa von deren Absichten, was einige Turbulenzen ausl\u00f6st. Und dann erscheint auch noch Nora, die heimliche Geliebte von Dieter auf der Bildfl\u00e4che.<\/p>\n\n\n\n<p><strong>Mitwirkende<\/strong><\/p>\n\n\n\n<figure class=\"wp-block-table is-style-stripes\"><table><tbody><tr><td><em>Christa Schomaker<\/em><\/td><td>Petra Hunkel<\/td><\/tr><tr><td><em>Dieter Schomaker <\/em><\/td><td><a href=\"https:\/\/theater-im-hayn.de\/?page_id=134\">Maximilian Nowak<\/a><\/td><\/tr><tr><td><em>Erika Thews, Immobilienmaklerin<\/em><\/td><td><a href=\"https:\/\/theater-im-hayn.de\/?page_id=81\">Eva Witwer<\/a><\/td><\/tr><tr><td><em>Gitta St\u00f6ver, Nachbarin<\/em><\/td><td>Ute Cobb<\/td><\/tr><tr><td><em>Nora Sch\u00e4fer, die Geliebte von Dieter<\/em><\/td><td><a href=\"https:\/\/theater-im-hayn.de\/?page_id=139\">Francesca Eifler<\/a><\/td><\/tr><tr><td><em>Philipp Klaas, Stiefbruder von Christa<\/em><\/td><td>Michael Kohlhaas<\/td><\/tr><tr><td><em>Kerstin Klaas, seine Frau<\/em><\/td><td><a href=\"https:\/\/theater-im-hayn.de\/?page_id=114\">Petra Kreiner<\/a><\/td><\/tr><tr><td><em>Felix Klaas, Stiefbruder von Christa<\/em><\/td><td><a href=\"https:\/\/theater-im-hayn.de\/?page_id=100\">Martin Tr\u00fcbner<\/a><\/td><\/tr><tr><td><em>Corinna Lemke, seine Lebensgef\u00e4hrtin<\/em><\/td><td>Karin Lerche-Weinhold<\/td><\/tr><\/tbody><\/table><\/figure>\n\n\n\n<figure class=\"wp-block-table is-style-stripes\"><table><tbody><tr><td>Regie<\/td><td><a href=\"https:\/\/theater-im-hayn.de\/?page_id=71\">Ursula Seib<\/a><\/td><\/tr><tr><td>Souffleuse<\/td><td>Doris Brandau<\/td><\/tr><tr><td>B\u00fchnenbild, Maske &amp; Requisiten<\/td><td>Ensemble<\/td><\/tr><tr><td>Bildtechnik<\/td><td>Karl Fr\u00f6hlich<\/td><\/tr><tr><td>B\u00fchnentechnik<\/td><td>B\u00fcrgerhaus Sprendlingen<\/td><\/tr><\/tbody><\/table><\/figure>\n\n\n\n<p><strong>Termine:<\/strong><br>Freitag, 10. M\u00e4rz 2017 um 19:30 Uhr<br>Samstag, 11. M\u00e4rz 2017 um 19:30 Uhr<br>Sonntag, 12. M\u00e4rz 2017 um 18:00 Uhr<\/p>\n\n\n\n<p>Saal\u00f6ffnung 1\/2 Stunde vor Beginn der Vorstellung im Katholischen Pfarrzentrum St. Johannes in Dreieich-Dreieichenhain, Taunusstra\u00dfe 47<\/p>\n\n\n\n<p>Eintrittskarten im Vorverkauf bei Fu\u00dfpflege Ute Cobb, Alte Bogengasse 35, Dreieichenhain oder an der Abendkasse<br>Eintrittspreis: Vorverkauf und Abendkasse: 13 \u20ac (keine nummerierten Pl\u00e4tze)<\/p>\n","protected":false},"excerpt":{"rendered":"<p>Party im Strandkorb 8. Produktion, Spielzeit 2017 Kom\u00f6die in vier Akten von Bodo Schirmer Regie und Bearbeitung: Ursula Seib Inselatmosph\u00e4re. Man riecht f\u00f6rmlich das Meer. Eine leichte Brise weht, die Sonne scheint. Am Strand tummeln sich die G\u00e4ste. Alles sieht sehr friedlich aus. Nur im Ferienhaus von Christa Schomaker braut sich etwas zusammen. Denn Christa &hellip; <\/p>\n<p class=\"link-more\"><a href=\"https:\/\/theater-im-hayn.de\/?page_id=239\" class=\"more-link\"><span class=\"screen-reader-text\">\u201eParty im Strandkorb\u201c<\/span> weiterlesen<\/a><\/p>\n","protected":false},"author":1,"featured_media":0,"parent":0,"menu_order":0,"comment_status":"closed","ping_status":"closed","template":"","meta":{"footnotes":""},"class_list":["post-239","page","type-page","status-publish","hentry"],"_links":{"self":[{"href":"https:\/\/theater-im-hayn.de\/index.php?rest_route=\/wp\/v2\/pages\/239","targetHints":{"allow":["GET"]}}],"collection":[{"href":"https:\/\/theater-im-hayn.de\/index.php?rest_route=\/wp\/v2\/pages"}],"about":[{"href":"https:\/\/theater-im-hayn.de\/index.php?rest_route=\/wp\/v2\/types\/page"}],"author":[{"embeddable":true,"href":"https:\/\/theater-im-hayn.de\/index.php?rest_route=\/wp\/v2\/users\/1"}],"replies":[{"embeddable":true,"href":"https:\/\/theater-im-hayn.de\/index.php?rest_route=%2Fwp%2Fv2%2Fcomments&post=239"}],"version-history":[{"count":2,"href":"https:\/\/theater-im-hayn.de\/index.php?rest_route=\/wp\/v2\/pages\/239\/revisions"}],"predecessor-version":[{"id":538,"href":"https:\/\/theater-im-hayn.de\/index.php?rest_route=\/wp\/v2\/pages\/239\/revisions\/538"}],"wp:attachment":[{"href":"https:\/\/theater-im-hayn.de\/index.php?rest_route=%2Fwp%2Fv2%2Fmedia&parent=239"}],"curies":[{"name":"wp","href":"https:\/\/api.w.org\/{rel}","templated":true}]}}