{"id":237,"date":"2021-06-20T16:01:02","date_gmt":"2021-06-20T14:01:02","guid":{"rendered":"http:\/\/theater-im-hayn.de\/?page_id=237"},"modified":"2021-06-20T16:01:02","modified_gmt":"2021-06-20T14:01:02","slug":"neurosige-zeiten","status":"publish","type":"page","link":"https:\/\/theater-im-hayn.de\/?page_id=237","title":{"rendered":"Neurosige Zeiten"},"content":{"rendered":"\n<p class=\"has-large-font-size\">Neurosige Zeiten<\/p>\n\n\n\n<p>9. Produktion, Spielzeit 2018<\/p>\n\n\n\n<p><em>Kom\u00f6die in drei Akten von Winnie Abel<\/em><\/p>\n\n\n\n<p><em>Regie und Bearbeitung: <a href=\"https:\/\/theater-im-hayn.de\/?page_id=71\">Ursula Seib<\/a><\/em><\/p>\n\n\n\n<p>Bestimmt hat das mancher schon erlebt. Es klingelt und unangemeldeter Besuch steht vor der T\u00fcr.<\/p>\n\n\n\n<p>In unserem Fall klingelt das Telefon und Agnes Mutter, C\u00e9cile, k\u00fcndigt ihren Besuch an. Agnes hat mit allem gerechnet &#8211; nur nicht mit ihrer Mutter! Agnes kann sie nicht abwimmeln, denn sie steht schon praktisch vor der T\u00fcr. Ihre Mutter\u00a0ahnt nicht, dass Agnes momentan in der Psychiatrie lebt. Als Tochter wohlhabender Eltern glaubt ihre Mutter, sie wohne in einer Villa. Agnes indes beginnt zu rotieren und erfindet kurzerhand f\u00fcr ihre verdutzten &#8222;Mitpatienten&#8220; passende Rollen &#8211; so verwandelt sich Hans in ihren Liebhaber, Marianne wird ihre Haush\u00e4lterin, Desir\u00e9e ihre Freundin und Willi ihr Hausmeister.<\/p>\n\n\n\n<p>Als dann Herta, die Tupperware-Verk\u00e4uferin, klingelt, wird sie f\u00fcr die vermeintliche Mutter von Agnes gehalten. Ungewollt wird sie au\u00dfer Gefecht gesetzt. Die Lage in der Wohngruppe spitzt sich zu. C\u00e9cile findet ihre Tochter in einer sonderbaren Umgebung vor, bedient sich aber flei\u00dfig ihrer angeblichen Bediensteten, wie sie es in ihrem eigenen Luxushotel gewohnt ist. Dr. Schanz, die Psychiaterin, sieht in C\u00e9cile eine weitere neurotische Kandidatin und steckt sie kurzerhand in eine Zwangsjacke. Rolf, der Physiotherapeut kommt nicht zum Zuge, aber als Reporter hat er einen dicken Fisch an der Angel, n\u00e4mlich Hardi Hammer, ein Star der Volksmusik, der zus\u00e4tzlich f\u00fcr Turbulenzen in der Wohngruppe sorgt.<\/p>\n\n\n\n<p>Man mag sich fragen, wer hier eigentlich verr\u00fcckt ist.<\/p>\n\n\n\n<p>Viel Spa\u00df bei der Verwechslungskom\u00f6die mit einem \u00fcberraschenden Ende.<\/p>\n\n\n\n<p><strong>Mitwirkende<\/strong><\/p>\n\n\n\n<figure class=\"wp-block-table is-style-stripes\"><table><tbody><tr><td><em>Agnes<\/em><\/td><td><a href=\"https:\/\/theater-im-hayn.de\/?page_id=114\">Petra Kreiner<\/a><\/td><\/tr><tr><td><em>C\u00e9cile, ihre Mutter<\/em><\/td><td><a href=\"https:\/\/theater-im-hayn.de\/?page_id=71\">Ursula Seib<\/a><\/td><\/tr><tr><td><em>Marianne<\/em><\/td><td><a href=\"https:\/\/theater-im-hayn.de\/?page_id=106\">Karin Lerche-Weinhold<\/a><\/td><\/tr><tr><td><em>Hans<\/em><\/td><td><a href=\"https:\/\/theater-im-hayn.de\/?page_id=134\">Maximilian Nowak<\/a><\/td><\/tr><tr><td><em>Desir\u00e9e<\/em><\/td><td><a href=\"https:\/\/theater-im-hayn.de\/?page_id=88\">Ute Cobb<\/a><\/td><\/tr><tr><td><em>Willi<\/em><\/td><td>Michael Kohlhaas<\/td><\/tr><tr><td><em>Dr. Schanz, Psychiaterin<\/em><\/td><td><a href=\"https:\/\/theater-im-hayn.de\/?page_id=139\">Francesca Eifler<\/a><\/td><\/tr><tr><td><em>Rolf, Physiotherapeut und Reporter<\/em><\/td><td><a href=\"https:\/\/theater-im-hayn.de\/?page_id=100\">Martin Tr\u00fcbner<\/a><\/td><\/tr><tr><td><em>Herta, Tupperware-Verk\u00e4uferin<\/em><\/td><td>Doris Brandau<\/td><\/tr><tr><td><em>Hardy Hammer, Volksmusiker<\/em><\/td><td><a href=\"https:\/\/theater-im-hayn.de\/?page_id=182\">Holger Schmidt<\/a><\/td><\/tr><\/tbody><\/table><\/figure>\n\n\n\n<figure class=\"wp-block-table is-style-stripes\"><table><tbody><tr><td>Regie<\/td><td><a href=\"https:\/\/theater-im-hayn.de\/?page_id=71\">Ursula Seib<\/a><\/td><\/tr><tr><td>Souffleuse &amp; Regieassistenz<\/td><td><a href=\"https:\/\/theater-im-hayn.de\/?page_id=81\">Eva Witwer<\/a><\/td><\/tr><tr><td>B\u00fchnenbild, Requisite &amp; Kost\u00fcme<\/td><td>Ensemble<\/td><\/tr><tr><td>Technik<\/td><td>B\u00fcrgerhaus Sprendlingen<\/td><\/tr><\/tbody><\/table><\/figure>\n\n\n\n<p><strong>Termine:<\/strong><br>Freitag, 16. Februar 2018 um 19:30 Uhr<br>Samstag, 17. Februar 2018 um 19:30 Uhr<br>Sonntag, 18. Februar 2018 um 18:00 Uhr<\/p>\n\n\n\n<p>Saal\u00f6ffnung 1\/2 Stunde vor Beginn der Vorstellung im Katholischen Pfarrzentrum St. Johannes in Dreieich-Dreieichenhain, Taunusstra\u00dfe 47<\/p>\n\n\n\n<p>Eintrittskarten im Vorverkauf bei Fu\u00dfpflege Ute Cobb, Alte Bogengasse 35, Dreieichenhain oder an der Abendkasse<br>Eintrittspreis: Vorverkauf und Abendkasse: ab 12 bis 15 \u20ac<\/p>\n","protected":false},"excerpt":{"rendered":"<p>Neurosige Zeiten 9. Produktion, Spielzeit 2018 Kom\u00f6die in drei Akten von Winnie Abel Regie und Bearbeitung: Ursula Seib Bestimmt hat das mancher schon erlebt. Es klingelt und unangemeldeter Besuch steht vor der T\u00fcr. In unserem Fall klingelt das Telefon und Agnes Mutter, C\u00e9cile, k\u00fcndigt ihren Besuch an. Agnes hat mit allem gerechnet &#8211; nur nicht &hellip; <\/p>\n<p class=\"link-more\"><a href=\"https:\/\/theater-im-hayn.de\/?page_id=237\" class=\"more-link\"><span class=\"screen-reader-text\">\u201eNeurosige Zeiten\u201c<\/span> weiterlesen<\/a><\/p>\n","protected":false},"author":1,"featured_media":0,"parent":0,"menu_order":0,"comment_status":"closed","ping_status":"closed","template":"","meta":{"footnotes":""},"class_list":["post-237","page","type-page","status-publish","hentry"],"_links":{"self":[{"href":"https:\/\/theater-im-hayn.de\/index.php?rest_route=\/wp\/v2\/pages\/237","targetHints":{"allow":["GET"]}}],"collection":[{"href":"https:\/\/theater-im-hayn.de\/index.php?rest_route=\/wp\/v2\/pages"}],"about":[{"href":"https:\/\/theater-im-hayn.de\/index.php?rest_route=\/wp\/v2\/types\/page"}],"author":[{"embeddable":true,"href":"https:\/\/theater-im-hayn.de\/index.php?rest_route=\/wp\/v2\/users\/1"}],"replies":[{"embeddable":true,"href":"https:\/\/theater-im-hayn.de\/index.php?rest_route=%2Fwp%2Fv2%2Fcomments&post=237"}],"version-history":[{"count":1,"href":"https:\/\/theater-im-hayn.de\/index.php?rest_route=\/wp\/v2\/pages\/237\/revisions"}],"predecessor-version":[{"id":238,"href":"https:\/\/theater-im-hayn.de\/index.php?rest_route=\/wp\/v2\/pages\/237\/revisions\/238"}],"wp:attachment":[{"href":"https:\/\/theater-im-hayn.de\/index.php?rest_route=%2Fwp%2Fv2%2Fmedia&parent=237"}],"curies":[{"name":"wp","href":"https:\/\/api.w.org\/{rel}","templated":true}]}}