{"id":234,"date":"2021-06-20T15:49:12","date_gmt":"2021-06-20T13:49:12","guid":{"rendered":"http:\/\/theater-im-hayn.de\/?page_id=234"},"modified":"2025-02-23T13:48:42","modified_gmt":"2025-02-23T12:48:42","slug":"ein-gemuetliches-wochenende","status":"publish","type":"page","link":"https:\/\/theater-im-hayn.de\/?page_id=234","title":{"rendered":"Ein gem\u00fctliches Wochenende"},"content":{"rendered":"\n<p class=\"has-large-font-size\">Ein gem\u00fctliches Wochenende<\/p>\n\n\n\n<p>10. Produktion, Spielzeit 2019<\/p>\n\n\n\n<p><em>Kriminalkom\u00f6die in vier Akten von Jean Stuart<\/em><\/p>\n\n\n\n<p><em>Regie und Bearbeitung: <a href=\"https:\/\/theater-im-hayn.de\/?page_id=71\">Ursula Seib<\/a><\/em><\/p>\n\n\n\n<p>Raimund, erfolgreicher Schriftsteller,&nbsp;ist seit 10 Jahren mit Nadja verheiratet. Er nimmt es allerdings mit der Treue nicht allzu ernst und nutzt seinen Zweitwohnsitz f\u00fcr seine Arbeit, aber vor allem f\u00fcr seine amour\u00f6sen Abenteuer &#8211; fernab von Berlin und seiner Frau.&nbsp;Aktuell ist seine &#8222;neue Liebe&#8220; Monika aus Hamburg. Er \u00fcberredet sie, zu ihm zu kommen, um &#8222;ein gem\u00fctliches Wochenende&#8220; mit ihm zu verbringen.<\/p>\n\n\n\n<p>Er sorgt daf\u00fcr, dass Susanne, sein Dienstm\u00e4dchen, das Wochenende frei nimmt und bezahlt ihr sogar die Reise und den Aufenthalt bei ihrem Onkel in K\u00f6ln. Es ist alles f\u00fcr den Empfang von Monika vorbereitet, da platzt sein Freund Emil aus Berlin in die Idylle und m\u00f6chte mit ihm ein tolles Wochenende auf dem Lande verbringen! Aber dies ist nicht alles! Im Schlepptau hat Ermil seine Freundin Vicky, Raimunds Frau Nadja und Schwiegermutter Simone dabei. Der perlexe Raimund t\u00e4uscht nun eine ansteckende&nbsp;asiatische Grippe vor, um die Ank\u00f6mmlinge m\u00f6glichst schnell zur Abreise zu bewegen. Als dies auch nichts hilft, hat er spontan einen unaufschiebbaren Termin in M\u00fcnchen. Gerade als Raimund das Haus verlassen will, um Monika abzufangen und mit ihr im n\u00e4chsten Hotel zu verschwinden, wird er von Max und Anton mit vorgehaltener Pistole gezwungen, seine &#8222;Reise&#8220; abzubrechen.<\/p>\n\n\n\n<p>Die zwei Ganoven haben eine Bank ausgeraubt. Sie glauben sich nun, in der Villa vor der Verfolgung durch die Polizei sicher zu sein. Was die beiden dadurch ausl\u00f6sen, wie Monika empfangen wird und was der Kommissar Drampel ausrichten kann, ist ein turbulenter Spa\u00df im Hause Raimund Villingers.<\/p>\n\n\n\n<p><strong>Mitwirkende<\/strong><\/p>\n\n\n\n<figure class=\"wp-block-table is-style-stripes\"><table><tbody><tr><td><em>Raimund Villinger<\/em><\/td><td><a href=\"https:\/\/theater-im-hayn.de\/?page_id=134\">Maximilian Nowak<\/a><\/td><\/tr><tr><td><em>Nadja Villinger<\/em><\/td><td><a href=\"https:\/\/theater-im-hayn.de\/?page_id=139\">Francesca Eifler<\/a><\/td><\/tr><tr><td><em>Simone, Nadjas Mutter<\/em><\/td><td>Karin Lerche-Weinhold<\/td><\/tr><tr><td><em>Max Lambert<\/em><\/td><td><a href=\"https:\/\/theater-im-hayn.de\/?page_id=159\">Gerd Schaffert<\/a><\/td><\/tr><tr><td><em>Anton<\/em><\/td><td><a href=\"https:\/\/theater-im-hayn.de\/?page_id=182\">Holger Schmidt<\/a><\/td><\/tr><tr><td><em>Emil<\/em><\/td><td><a href=\"https:\/\/theater-im-hayn.de\/?page_id=100\">Martin Tr\u00fcbner<\/a><\/td><\/tr><tr><td><em>Vicky, seine Freundin<\/em><\/td><td>Ute Cobb<\/td><\/tr><tr><td><em>Monika, Freundin von Raimund<\/em><\/td><td><a href=\"https:\/\/theater-im-hayn.de\/?page_id=149\">Katja Henkel<\/a><\/td><\/tr><tr><td><em>Polizeiinspektor Drampel<\/em><\/td><td>Danny Cobb<\/td><\/tr><tr><td><em>Susanne, Dienstm\u00e4dchen<\/em><\/td><td><a href=\"https:\/\/theater-im-hayn.de\/?page_id=114\">Petra Kreiner<\/a><\/td><\/tr><tr><td><em>Ein Mann<\/em><\/td><td>Danny Cobb<\/td><\/tr><\/tbody><\/table><\/figure>\n\n\n\n<figure class=\"wp-block-table is-style-stripes\"><table><tbody><tr><td>Regie<\/td><td><a href=\"https:\/\/theater-im-hayn.de\/?page_id=71\">Ursula Seib<\/a><\/td><\/tr><tr><td>Souffleuse &amp; Regieassistenz<\/td><td><a href=\"https:\/\/theater-im-hayn.de\/?page_id=81\">Eva Witwer<\/a><\/td><\/tr><tr><td>B\u00fchnenbild, Requisiten &amp; Kost\u00fcme<\/td><td>Ensemble<\/td><\/tr><tr><td>Technik<\/td><td>B\u00fcrgerhaus Sprendlingen<\/td><\/tr><\/tbody><\/table><\/figure>\n\n\n\n<p><strong>Termine:<\/strong><br>Freitag, 08. M\u00e4rz 2019 um 19:30 Uhr<br>Samstag, 09. M\u00e4rz 2019 um 19:30 Uhr<br>Sonntag, 10. M\u00e4rz 2019 um 18:00 Uhr<\/p>\n\n\n\n<p>Saal\u00f6ffnung 1\/2 Stunde vor Beginn der Vorstellung im Katholischen Pfarrzentrum St. Johannes in Dreieich-Dreieichenhain, Taunusstra\u00dfe 47<\/p>\n\n\n\n<p>Eintrittskarten im Vorverkauf bei Fu\u00dfpflege Ute Cobb, Alte Bogengasse 35, Dreieichenhain oder an der Abendkasse<br>Eintrittspreis: Vorverkauf und Abendkasse: ab 12 bis 15 \u20ac<\/p>\n","protected":false},"excerpt":{"rendered":"<p>Ein gem\u00fctliches Wochenende 10. Produktion, Spielzeit 2019 Kriminalkom\u00f6die in vier Akten von Jean Stuart Regie und Bearbeitung: Ursula Seib Raimund, erfolgreicher Schriftsteller,&nbsp;ist seit 10 Jahren mit Nadja verheiratet. Er nimmt es allerdings mit der Treue nicht allzu ernst und nutzt seinen Zweitwohnsitz f\u00fcr seine Arbeit, aber vor allem f\u00fcr seine amour\u00f6sen Abenteuer &#8211; fernab von &hellip; <\/p>\n<p class=\"link-more\"><a href=\"https:\/\/theater-im-hayn.de\/?page_id=234\" class=\"more-link\"><span class=\"screen-reader-text\">\u201eEin gem\u00fctliches Wochenende\u201c<\/span> weiterlesen<\/a><\/p>\n","protected":false},"author":1,"featured_media":0,"parent":0,"menu_order":0,"comment_status":"closed","ping_status":"closed","template":"","meta":{"footnotes":""},"class_list":["post-234","page","type-page","status-publish","hentry"],"_links":{"self":[{"href":"https:\/\/theater-im-hayn.de\/index.php?rest_route=\/wp\/v2\/pages\/234","targetHints":{"allow":["GET"]}}],"collection":[{"href":"https:\/\/theater-im-hayn.de\/index.php?rest_route=\/wp\/v2\/pages"}],"about":[{"href":"https:\/\/theater-im-hayn.de\/index.php?rest_route=\/wp\/v2\/types\/page"}],"author":[{"embeddable":true,"href":"https:\/\/theater-im-hayn.de\/index.php?rest_route=\/wp\/v2\/users\/1"}],"replies":[{"embeddable":true,"href":"https:\/\/theater-im-hayn.de\/index.php?rest_route=%2Fwp%2Fv2%2Fcomments&post=234"}],"version-history":[{"count":2,"href":"https:\/\/theater-im-hayn.de\/index.php?rest_route=\/wp\/v2\/pages\/234\/revisions"}],"predecessor-version":[{"id":541,"href":"https:\/\/theater-im-hayn.de\/index.php?rest_route=\/wp\/v2\/pages\/234\/revisions\/541"}],"wp:attachment":[{"href":"https:\/\/theater-im-hayn.de\/index.php?rest_route=%2Fwp%2Fv2%2Fmedia&parent=234"}],"curies":[{"name":"wp","href":"https:\/\/api.w.org\/{rel}","templated":true}]}}