{"id":222,"date":"2021-06-20T14:54:46","date_gmt":"2021-06-20T12:54:46","guid":{"rendered":"http:\/\/theater-im-hayn.de\/?page_id=222"},"modified":"2025-02-23T13:47:45","modified_gmt":"2025-02-23T12:47:45","slug":"bubblegum-und-brillanten","status":"publish","type":"page","link":"https:\/\/theater-im-hayn.de\/?page_id=222","title":{"rendered":"Bubblegum und Brillanten"},"content":{"rendered":"\n<p class=\"has-large-font-size\">Bubblegum und Brillanten<\/p>\n\n\n\n<p>11. Produktion, Spielzeit 2020<\/p>\n\n\n\n<p><em>Eine Kom\u00f6die in drei Akten von J\u00fcrgen Baumgarten.<\/em><\/p>\n\n\n\n<p><em>Regie und Bearbeitung: <a href=\"https:\/\/theater-im-hayn.de\/?page_id=71\">Ursula Seib<\/a><\/em><\/p>\n\n\n\n<p>Nichts mehr ist in Ordnung auf dem Landsitz des Earl of Eastermoor. Das Unternehmen von Sir George (Gerd Schaffert) musste Konkurs anmelden, der von dem Konkursverwalter (Danny Cobb) verwaltet wird. Auch das einst pr\u00e4chtige Schloss seiner Familie ist in einem erb\u00e4rmlichen Zustand. Alle Verm\u00f6gensgegenst\u00e4nde wurden inzwischen gepf\u00e4ndet. Nur die Ehe von Sir George und Lady Ellen (Katja Henkel) ist intakt. Doch mit dieser Schande und weil Sir George den sozialen Abstieg scheut, beschlie\u00dfen er und Lady Ellen aus dem Leben zu scheiden.<\/p>\n\n\n\n<p>Treu ergeben bis zuletzt ist ihnen Mortimer (Gerhard Voltz), der Butler, Koch und Fahrer &#8211; auch ohne Bezahlung &#8211; geblieben. Die oberen Etagen des Schlosses bewohnt Lady Martha Gladstone (Ute Cobb), die Tante von Sir George. Obwohl sie finanziell unabh\u00e4ngig ist, denkt sie nicht daran ihren Neffen zu unterst\u00fctzen. Im Gegenteil, sie wartet seelenruhig auf dessen Tod und seiner Gattin. Lady Ellen, die ehemalige Kinderg\u00e4rtnerin, geh\u00f6rt ihrer Meinung nach sowieso nicht zum Adel. Au\u00dferdem will sie nach dem Tod von Sir George die unteren R\u00e4ume als Repr\u00e4sentationsr\u00e4ume nutzen. Vor allem liebt sie ihre Bridge &#8211; Turniere. Mit ihren Bridge &#8211; Damen Kitty (Anja Kr\u00e4mer), Thelma (Gundula Hontscha) und Clara (Uschi Seib) trifft sie sich regelm\u00e4\u00dfig. Ihr pers\u00f6nliches Hausm\u00e4dchen Jane (Nadja Krawczyk) unterst\u00fctzt sie dabei.<\/p>\n\n\n\n<p>Mortimer ist nicht nur ein treuer Diener, sondern hat daneben auch ungeahnte F\u00e4higkeiten, ist aber Sir George und Lady Ellen eine gro\u00dfe Hilfe bei der Umsetzung ihres letzten Willens. Die Todesanzeige und das Begr\u00e4bnis sind vorbereitet und Mortimer \u00fcbergibt nun die Pistole. Der letzte Kuss &#8211; dann der Schuss! Doch alles geht schief, sogar der Versuch mit Schlaftableten gelingt nicht.<\/p>\n\n\n\n<p>Da erscheint pl\u00f6tzlich die Versicherungsagentin Miss Pringle (Francesca Eifler), aufgescheucht durch die Todesanzeige in der Times, die viel zu fr\u00fch erschien. Sie ist froh, als sie sieht, dass Sir George und Lady Ellen noch am Leben sind und die Lebensversicherung nicht zahlen muss. Aber die Todesanzeige macht sie misstrauisch und macht deshalb Sir George darauf aufmerksam, dass die Gesellschaft bei Selbstt\u00f6tung nicht zahlt.<\/p>\n\n\n\n<p>Da kommt Sir George auf die au\u00dfergew\u00f6hnliche Idee einen M\u00f6rder anzuheuern, um so an die Leistung aus der Lebensversicherung zu kommen. Auf diese Weise kann er wenigstens seinen treuen Mortimer entlohnen. Als Bezahlung verspricht er dem M\u00f6rder zwei wertvolle Brillantringe, die er in Wirklichkeit gar nicht besitzt. Aber ein Kaugummiautomat &#8222;spuckt&#8220; solche Imitationen f\u00fcr wenig Geld heraus. Als er mit diesem Plan auch Lady Ellen \u00fcberzeugen kann, nehmen sie ein letztes Abendessen ein. In dieser Zeit ihres geplantes Todes sind sie so verliebt wie nie zuvor. Die pl\u00f6tzliche Erkenntnis trifft sie wie ein Schlag. Nun wollen beide leben, sogar in Armut!<\/p>\n\n\n\n<p>Inzwischen ist der bestellte M\u00f6rder Harold (Martin Tr\u00fcbner) und seine Frau Wendy (Petra Kreiner) l\u00e4ngst auf dem Grundst\u00fcck angelangt und beide lauern im Hintergrund auf die Gelegenheit, den Auftrag ausf\u00fchren zu k\u00f6nnen.<\/p>\n\n\n\n<p>Es folgt eine Reihe von Irrungen und Wirrungen, die die Zuschauer in Atem halten. Auch die beiden Polizisten Inspektor Cathrin Jameson (Francesca Eifler) und Constable William Marker (Holger Schmidt) werden darin verwickelt.<\/p>\n\n\n\n<p>Bis zum Schluss sorgt die unterhaltsame Kom\u00f6die mit viel englischem Humor f\u00fcr&nbsp;Spannung und h\u00e4lt das Publikum bei Laune.<\/p>\n\n\n\n<p><strong>Mitwirkende<\/strong><\/p>\n\n\n\n<figure class=\"wp-block-table is-style-stripes\"><table><tbody><tr><td><em>Sir George Middlesome, Earl of Eastermoor<\/em><\/td><td><a href=\"https:\/\/theater-im-hayn.de\/?page_id=159\">Gerd Schaffert<\/a><\/td><\/tr><tr><td><em>Lady Ellen, seine Gattin<\/em><\/td><td><a href=\"https:\/\/theater-im-hayn.de\/?page_id=149\">Katja Henkel<\/a><\/td><\/tr><tr><td><em>Mortimer, ihr Butler<\/em><\/td><td><a href=\"https:\/\/theater-im-hayn.de\/?page_id=172\">Gerhard Voltz<\/a><\/td><\/tr><tr><td><em>Tante Martha, Lady Martha Gladstone<\/em><\/td><td>Ute Cobb<\/td><\/tr><tr><td><em>Jane Kinnegan, Marthas Hausm\u00e4dchen<\/em><\/td><td>Nadja Krawczyk<\/td><\/tr><tr><td><em>Jonathan Jenkins, Konkursverwalter<\/em><\/td><td>Danny Cobb<\/td><\/tr><tr><td><em>Miss Pringle, Versicherungsagentin<\/em><\/td><td><a href=\"https:\/\/theater-im-hayn.de\/?page_id=139\">Francesca Eifler<\/a><\/td><\/tr><tr><td><em>Kitty, Marthas Bridgedame<\/em><\/td><td>Anja Kr\u00e4mer<\/td><\/tr><tr><td><em>Thelma, Marthas Bridgedame<\/em><\/td><td>Gundula Hontscha<\/td><\/tr><tr><td><em>Clara, Marthas Bridgedame<\/em><\/td><td><a href=\"https:\/\/theater-im-hayn.de\/?page_id=71\">Ursula Seib<\/a><\/td><\/tr><tr><td><em>Harold Walters, Gewohnheitsverbrecher<\/em><\/td><td><a href=\"https:\/\/theater-im-hayn.de\/?page_id=100\">Martin Tr\u00fcbner<\/a><\/td><\/tr><tr><td><em>Wendy, seit Kurzem seine Frau<\/em><\/td><td><a href=\"https:\/\/theater-im-hayn.de\/?page_id=114\">Petra Kreiner<\/a><\/td><\/tr><tr><td><em>Inspektor Cathrin Jameson, Polizistin<\/em><\/td><td><a href=\"https:\/\/theater-im-hayn.de\/?page_id=139\">Francesca Eifler<\/a><\/td><\/tr><tr><td><em>Constable William Marker, Polizist<\/em><\/td><td><a href=\"https:\/\/theater-im-hayn.de\/?page_id=182\">Holger Schmidt<\/a><\/td><\/tr><tr><td><em>Lord Tom Meow-Meow III, Hauskater<\/em><\/td><td><a href=\"https:\/\/theater-im-hayn.de\/?page_id=191\">Mara Henkel<\/a><\/td><\/tr><\/tbody><\/table><\/figure>\n\n\n\n<figure class=\"wp-block-table is-style-stripes\"><table><tbody><tr><td>Regie<\/td><td><a href=\"https:\/\/theater-im-hayn.de\/?page_id=71\">Ursula Seib<\/a><\/td><\/tr><tr><td>Souffleuse<\/td><td><a href=\"https:\/\/theater-im-hayn.de\/?page_id=81\">Eva Witwer<\/a><\/td><\/tr><tr><td>B\u00fchnenbild, Ausstattung &amp; Kost\u00fcme<\/td><td>Danny Cobb &amp; das Ensemble<\/td><\/tr><tr><td>B\u00fchnentechnik<\/td><td>B\u00fcrgerhaus Sprendlingen<\/td><\/tr><\/tbody><\/table><\/figure>\n\n\n\n<p><strong>Termine:<\/strong><br>Freitag, 28. Februar 2020 um 19:30 Uhr<br>Samstag, 29. Februar 2020 um 19:30 Uhr<br>Sonntag, 01. M\u00e4rz 2020 um 18:00 Uhr<\/p>\n\n\n\n<p>Saal\u00f6ffnung 1\/2 Stunde vor Beginn der Vorstellung im Katholischen Pfarrzentrum St. Johannes in Dreieich-Dreieichenhain, Taunusstra\u00dfe 47<\/p>\n\n\n\n<p>Eintrittskarten im Vorverkauf bei Fu\u00dfpflege Ute Cobb, Alte Bogengasse 35, Dreieichenhain oder an der Abendkasse <br>Eintrittspreis: Vorverkauf und Abendkasse: ab 12 bis 15 \u20ac<\/p>\n","protected":false},"excerpt":{"rendered":"<p>Bubblegum und Brillanten 11. Produktion, Spielzeit 2020 Eine Kom\u00f6die in drei Akten von J\u00fcrgen Baumgarten. Regie und Bearbeitung: Ursula Seib Nichts mehr ist in Ordnung auf dem Landsitz des Earl of Eastermoor. Das Unternehmen von Sir George (Gerd Schaffert) musste Konkurs anmelden, der von dem Konkursverwalter (Danny Cobb) verwaltet wird. Auch das einst pr\u00e4chtige Schloss &hellip; <\/p>\n<p class=\"link-more\"><a href=\"https:\/\/theater-im-hayn.de\/?page_id=222\" class=\"more-link\"><span class=\"screen-reader-text\">\u201eBubblegum und Brillanten\u201c<\/span> weiterlesen<\/a><\/p>\n","protected":false},"author":1,"featured_media":0,"parent":0,"menu_order":0,"comment_status":"closed","ping_status":"closed","template":"","meta":{"footnotes":""},"class_list":["post-222","page","type-page","status-publish","hentry"],"_links":{"self":[{"href":"https:\/\/theater-im-hayn.de\/index.php?rest_route=\/wp\/v2\/pages\/222","targetHints":{"allow":["GET"]}}],"collection":[{"href":"https:\/\/theater-im-hayn.de\/index.php?rest_route=\/wp\/v2\/pages"}],"about":[{"href":"https:\/\/theater-im-hayn.de\/index.php?rest_route=\/wp\/v2\/types\/page"}],"author":[{"embeddable":true,"href":"https:\/\/theater-im-hayn.de\/index.php?rest_route=\/wp\/v2\/users\/1"}],"replies":[{"embeddable":true,"href":"https:\/\/theater-im-hayn.de\/index.php?rest_route=%2Fwp%2Fv2%2Fcomments&post=222"}],"version-history":[{"count":10,"href":"https:\/\/theater-im-hayn.de\/index.php?rest_route=\/wp\/v2\/pages\/222\/revisions"}],"predecessor-version":[{"id":539,"href":"https:\/\/theater-im-hayn.de\/index.php?rest_route=\/wp\/v2\/pages\/222\/revisions\/539"}],"wp:attachment":[{"href":"https:\/\/theater-im-hayn.de\/index.php?rest_route=%2Fwp%2Fv2%2Fmedia&parent=222"}],"curies":[{"name":"wp","href":"https:\/\/api.w.org\/{rel}","templated":true}]}}