{"id":2,"date":"2016-05-10T03:48:21","date_gmt":"2016-05-10T03:48:21","guid":{"rendered":"http:\/\/theater-im-hayn.de\/?page_id=2"},"modified":"2020-05-23T23:09:48","modified_gmt":"2020-05-23T21:09:48","slug":"sample-page","status":"publish","type":"page","link":"https:\/\/theater-im-hayn.de\/?page_id=2","title":{"rendered":"Der Verein"},"content":{"rendered":"<blockquote><p>Im Jahr 2008 wurde das Theater im Hayn gegr\u00fcndet und ging aus der fr\u00fcheren Theatergruppe des Odenwaldklub in Dreieichenhain hervor. Seitdem bringen die Mitwirkenden, die vorwiegend aus Dreieich, aber auch aus allen anderen Ecken des Kreis Offenbach kommen, immer zum Jahresbeginn ein neues St\u00fcck auf die B\u00fchne.<br>\nDas Hauptaugenmerk liegt dabei auf St\u00fccken, die das Publikum zum Lachen bringen. Und durch den gro\u00dfen Erfolg der letzten Jahre und den Zuspruch unserer Zuschauer f\u00fchlen wir uns best\u00e4tigt und sind dar\u00fcber sehr dankbar.<\/p><\/blockquote>\n\n\n<div class=\"wp-block-group\"><div class=\"wp-block-group__inner-container is-layout-flow wp-block-group-is-layout-flow\">\n<figure class=\"wp-block-image size-large\"><img loading=\"lazy\" decoding=\"async\" width=\"1024\" height=\"738\" src=\"http:\/\/theater-im-hayn.de\/wp-content\/uploads\/2020\/05\/Ensemble_2020-1024x738.jpg\" alt=\"\" class=\"wp-image-44\" srcset=\"https:\/\/theater-im-hayn.de\/wp-content\/uploads\/2020\/05\/Ensemble_2020-1024x738.jpg 1024w, https:\/\/theater-im-hayn.de\/wp-content\/uploads\/2020\/05\/Ensemble_2020-300x216.jpg 300w, https:\/\/theater-im-hayn.de\/wp-content\/uploads\/2020\/05\/Ensemble_2020-768x553.jpg 768w, https:\/\/theater-im-hayn.de\/wp-content\/uploads\/2020\/05\/Ensemble_2020.jpg 1432w\" sizes=\"auto, (max-width: 767px) 89vw, (max-width: 1000px) 54vw, (max-width: 1071px) 543px, 580px\" \/><figcaption>Das Ensemble im Fr\u00fchjahr 2020 von &#8222;Bubblegum und Brillanten&#8220;<\/figcaption><\/figure>\n<\/div><\/div>\n","protected":false},"excerpt":{"rendered":"<p>Im Jahr 2008 wurde das Theater im Hayn gegr\u00fcndet und ging aus der fr\u00fcheren Theatergruppe des Odenwaldklub in Dreieichenhain hervor. Seitdem bringen die Mitwirkenden, die vorwiegend aus Dreieich, aber auch aus allen anderen Ecken des Kreis Offenbach kommen, immer zum Jahresbeginn ein neues St\u00fcck auf die B\u00fchne. Das Hauptaugenmerk liegt dabei auf St\u00fccken, die das &hellip; <\/p>\n<p class=\"link-more\"><a href=\"https:\/\/theater-im-hayn.de\/?page_id=2\" class=\"more-link\"><span class=\"screen-reader-text\">\u201eDer Verein\u201c<\/span> weiterlesen<\/a><\/p>\n","protected":false},"author":1,"featured_media":0,"parent":0,"menu_order":0,"comment_status":"closed","ping_status":"open","template":"","meta":{"footnotes":""},"class_list":["post-2","page","type-page","status-publish","hentry"],"_links":{"self":[{"href":"https:\/\/theater-im-hayn.de\/index.php?rest_route=\/wp\/v2\/pages\/2","targetHints":{"allow":["GET"]}}],"collection":[{"href":"https:\/\/theater-im-hayn.de\/index.php?rest_route=\/wp\/v2\/pages"}],"about":[{"href":"https:\/\/theater-im-hayn.de\/index.php?rest_route=\/wp\/v2\/types\/page"}],"author":[{"embeddable":true,"href":"https:\/\/theater-im-hayn.de\/index.php?rest_route=\/wp\/v2\/users\/1"}],"replies":[{"embeddable":true,"href":"https:\/\/theater-im-hayn.de\/index.php?rest_route=%2Fwp%2Fv2%2Fcomments&post=2"}],"version-history":[{"count":3,"href":"https:\/\/theater-im-hayn.de\/index.php?rest_route=\/wp\/v2\/pages\/2\/revisions"}],"predecessor-version":[{"id":293,"href":"https:\/\/theater-im-hayn.de\/index.php?rest_route=\/wp\/v2\/pages\/2\/revisions\/293"}],"wp:attachment":[{"href":"https:\/\/theater-im-hayn.de\/index.php?rest_route=%2Fwp%2Fv2%2Fmedia&parent=2"}],"curies":[{"name":"wp","href":"https:\/\/api.w.org\/{rel}","templated":true}]}}