{"id":172,"date":"2021-06-20T12:47:06","date_gmt":"2021-06-20T10:47:06","guid":{"rendered":"http:\/\/theater-im-hayn.de\/?page_id=172"},"modified":"2023-01-28T15:34:51","modified_gmt":"2023-01-28T14:34:51","slug":"gerhard-voltz","status":"publish","type":"page","link":"https:\/\/theater-im-hayn.de\/?page_id=172","title":{"rendered":"Gerhard Voltz"},"content":{"rendered":"<div class=\"wp-block-image\">\n<figure class=\"alignright size-large is-resized\"><img loading=\"lazy\" decoding=\"async\" src=\"https:\/\/theater-im-hayn.de\/wp-content\/uploads\/2021\/06\/gerhardvoltz-768x1024.jpg\" alt=\"\" class=\"wp-image-173\" width=\"167\" height=\"222\" srcset=\"https:\/\/theater-im-hayn.de\/wp-content\/uploads\/2021\/06\/gerhardvoltz-768x1024.jpg 768w, https:\/\/theater-im-hayn.de\/wp-content\/uploads\/2021\/06\/gerhardvoltz-225x300.jpg 225w, https:\/\/theater-im-hayn.de\/wp-content\/uploads\/2021\/06\/gerhardvoltz-1152x1536.jpg 1152w, https:\/\/theater-im-hayn.de\/wp-content\/uploads\/2021\/06\/gerhardvoltz-1536x2048.jpg 1536w, https:\/\/theater-im-hayn.de\/wp-content\/uploads\/2021\/06\/gerhardvoltz-scaled.jpg 1920w\" sizes=\"auto, (max-width: 167px) 100vw, 167px\" \/><\/figure><\/div>\n\n\n<div class=\"wp-block-group\"><div class=\"wp-block-group__inner-container is-layout-flow wp-block-group-is-layout-flow\">\n<p>Gerhard Voltz ist normalerweise Stammspieler im Theater Sch\u00f6ne Aussichten in Dietzenbach, stand aber auch schon drei Mal beim Theater im Hayn auf der B\u00fchne, u.a. in der m\u00e4nnlichen Hauptrolle als Philip Markham in 2014. Au\u00dferdem spielte er schon in mehreren St\u00fccken des Burgtheater des Geschichts- und Heimatverein Dreieichenhain mit.<\/p>\n<\/div><\/div>\n\n\n\n<figure class=\"wp-block-table is-style-stripes\"><table><tbody><tr><td><strong>Jahr<\/strong><\/td><td><strong>St\u00fcck<\/strong><\/td><td><strong>Rolle \/ Aufgabe<\/strong><\/td><\/tr><tr><td>2023<\/td><td><a href=\"https:\/\/theater-im-hayn.de\/?page_id=311\" data-type=\"page\" data-id=\"311\">Eine etwas sonderbare Dame<\/a><\/td><td>Jeffrey<\/td><\/tr><tr><td>2020<\/td><td><a href=\"https:\/\/theater-im-hayn.de\/?page_id=222\" data-type=\"page\" data-id=\"222\">Bubblegum und Brillanten<\/a><\/td><td>Mortimer, der Butler<\/td><\/tr><tr><td>2016<\/td><td><a href=\"https:\/\/theater-im-hayn.de\/?page_id=241\" data-type=\"page\" data-id=\"241\">Keine Leiche ohne Lily<\/a><\/td><td>Robert M\u00fcller<\/td><\/tr><tr><td>2014<\/td><td>Wie w\u00e4r&#8217;s denn, Mrs. Markham?<\/td><td>Philip Markham<\/td><\/tr><\/tbody><\/table><\/figure>\n","protected":false},"excerpt":{"rendered":"<p>Gerhard Voltz ist normalerweise Stammspieler im Theater Sch\u00f6ne Aussichten in Dietzenbach, stand aber auch schon drei Mal beim Theater im Hayn auf der B\u00fchne, u.a. in der m\u00e4nnlichen Hauptrolle als Philip Markham in 2014. Au\u00dferdem spielte er schon in mehreren St\u00fccken des Burgtheater des Geschichts- und Heimatverein Dreieichenhain mit. Jahr St\u00fcck Rolle \/ Aufgabe 2023 &hellip; <\/p>\n<p class=\"link-more\"><a href=\"https:\/\/theater-im-hayn.de\/?page_id=172\" class=\"more-link\"><span class=\"screen-reader-text\">\u201eGerhard Voltz\u201c<\/span> weiterlesen<\/a><\/p>\n","protected":false},"author":1,"featured_media":0,"parent":0,"menu_order":0,"comment_status":"closed","ping_status":"closed","template":"","meta":{"footnotes":""},"class_list":["post-172","page","type-page","status-publish","hentry"],"_links":{"self":[{"href":"https:\/\/theater-im-hayn.de\/index.php?rest_route=\/wp\/v2\/pages\/172","targetHints":{"allow":["GET"]}}],"collection":[{"href":"https:\/\/theater-im-hayn.de\/index.php?rest_route=\/wp\/v2\/pages"}],"about":[{"href":"https:\/\/theater-im-hayn.de\/index.php?rest_route=\/wp\/v2\/types\/page"}],"author":[{"embeddable":true,"href":"https:\/\/theater-im-hayn.de\/index.php?rest_route=\/wp\/v2\/users\/1"}],"replies":[{"embeddable":true,"href":"https:\/\/theater-im-hayn.de\/index.php?rest_route=%2Fwp%2Fv2%2Fcomments&post=172"}],"version-history":[{"count":7,"href":"https:\/\/theater-im-hayn.de\/index.php?rest_route=\/wp\/v2\/pages\/172\/revisions"}],"predecessor-version":[{"id":367,"href":"https:\/\/theater-im-hayn.de\/index.php?rest_route=\/wp\/v2\/pages\/172\/revisions\/367"}],"wp:attachment":[{"href":"https:\/\/theater-im-hayn.de\/index.php?rest_route=%2Fwp%2Fv2%2Fmedia&parent=172"}],"curies":[{"name":"wp","href":"https:\/\/api.w.org\/{rel}","templated":true}]}}