{"id":149,"date":"2021-03-07T11:01:42","date_gmt":"2021-03-07T10:01:42","guid":{"rendered":"http:\/\/theater-im-hayn.de\/?page_id=149"},"modified":"2023-01-28T15:36:40","modified_gmt":"2023-01-28T14:36:40","slug":"katja-henkel","status":"publish","type":"page","link":"https:\/\/theater-im-hayn.de\/?page_id=149","title":{"rendered":"Katja Henkel"},"content":{"rendered":"\n<div class=\"wp-block-group\"><div class=\"wp-block-group__inner-container is-layout-flow wp-block-group-is-layout-flow\"><div class=\"wp-block-image\">\n<figure class=\"alignright size-large is-resized\"><img loading=\"lazy\" decoding=\"async\" src=\"https:\/\/theater-im-hayn.de\/wp-content\/uploads\/2021\/03\/Portrait-Katja.jpg\" alt=\"\" class=\"wp-image-151\" width=\"275\" height=\"275\" srcset=\"https:\/\/theater-im-hayn.de\/wp-content\/uploads\/2021\/03\/Portrait-Katja.jpg 978w, https:\/\/theater-im-hayn.de\/wp-content\/uploads\/2021\/03\/Portrait-Katja-300x300.jpg 300w, https:\/\/theater-im-hayn.de\/wp-content\/uploads\/2021\/03\/Portrait-Katja-150x150.jpg 150w, https:\/\/theater-im-hayn.de\/wp-content\/uploads\/2021\/03\/Portrait-Katja-768x770.jpg 768w, https:\/\/theater-im-hayn.de\/wp-content\/uploads\/2021\/03\/Portrait-Katja-100x100.jpg 100w\" sizes=\"auto, (max-width: 275px) 100vw, 275px\" \/><\/figure><\/div><\/div><\/div>\n\n\n\n<p>Katja Henkel schnupperte erstmals Theaterluft im Grundschulalter und bekam direkt die Hauptrolle in &#8222;Das tapfere Schneiderlein&#8220;. Als 16-J\u00e4hrige stand sie erstmals beim Odenwaldklub Dreieichenhain auf der B\u00fchne und wechselte 1995 zu &#8222;TheaterArt&#8220; in Neu-Isenburg, wo sie bisher in 17 St\u00fccken zu sehen war. Zu den Highlights geh\u00f6rte die Rolle der Lady Macbeth, sowie weitere Hauptrollen als Helena in &#8222;Ein Sommernachtstraum&#8220;, als Cecily in &#8222;Bunbury&#8220;, als Mollie in &#8222;Die Mausefalle&#8220; sowie als Antigone im gleichnamigen St\u00fcck. 2019 spielte sie das erste Mal beim Theater im Hayn in &#8222;Ein gem\u00fctliches Wochenende&#8220; und hat wieder Gefallen an der Leichtigkeit einer Kom\u00f6die gefunden.<\/p>\n\n\n\n<figure class=\"wp-block-table is-style-stripes\"><table><tbody><tr><td><strong>Jahr<\/strong><\/td><td><strong>St\u00fcck<\/strong><\/td><td><strong>Rolle \/ Aufgabe<\/strong><\/td><\/tr><tr><td>2023<\/td><td><a href=\"https:\/\/theater-im-hayn.de\/?page_id=311\" data-type=\"page\" data-id=\"311\">Eine etwas sonderbare Dame<\/a><\/td><td>Fairy<\/td><\/tr><tr><td>2022<\/td><td><a href=\"https:\/\/theater-im-hayn.de\/?page_id=259\" data-type=\"page\" data-id=\"259\">Es f\u00e4hrt kein Zug nach Irgendwo<\/a><\/td><td>Sieglinde, die Motivationstrainerin<\/td><\/tr><tr><td>2020<\/td><td><a href=\"https:\/\/theater-im-hayn.de\/?page_id=222\" data-type=\"page\" data-id=\"222\">Bubblegum und Brillanten<\/a><\/td><td>Lady Ellen<\/td><\/tr><tr><td>2019<\/td><td><a href=\"https:\/\/theater-im-hayn.de\/?page_id=234\" data-type=\"page\" data-id=\"234\">Ein gem\u00fctliches Wochenende<\/a><\/td><td>Monika<\/td><\/tr><\/tbody><\/table><\/figure>\n","protected":false},"excerpt":{"rendered":"<p>Katja Henkel schnupperte erstmals Theaterluft im Grundschulalter und bekam direkt die Hauptrolle in &#8222;Das tapfere Schneiderlein&#8220;. Als 16-J\u00e4hrige stand sie erstmals beim Odenwaldklub Dreieichenhain auf der B\u00fchne und wechselte 1995 zu &#8222;TheaterArt&#8220; in Neu-Isenburg, wo sie bisher in 17 St\u00fccken zu sehen war. Zu den Highlights geh\u00f6rte die Rolle der Lady Macbeth, sowie weitere Hauptrollen &hellip; <\/p>\n<p class=\"link-more\"><a href=\"https:\/\/theater-im-hayn.de\/?page_id=149\" class=\"more-link\"><span class=\"screen-reader-text\">\u201eKatja Henkel\u201c<\/span> weiterlesen<\/a><\/p>\n","protected":false},"author":1,"featured_media":0,"parent":0,"menu_order":0,"comment_status":"closed","ping_status":"closed","template":"","meta":{"footnotes":""},"class_list":["post-149","page","type-page","status-publish","hentry"],"_links":{"self":[{"href":"https:\/\/theater-im-hayn.de\/index.php?rest_route=\/wp\/v2\/pages\/149","targetHints":{"allow":["GET"]}}],"collection":[{"href":"https:\/\/theater-im-hayn.de\/index.php?rest_route=\/wp\/v2\/pages"}],"about":[{"href":"https:\/\/theater-im-hayn.de\/index.php?rest_route=\/wp\/v2\/types\/page"}],"author":[{"embeddable":true,"href":"https:\/\/theater-im-hayn.de\/index.php?rest_route=\/wp\/v2\/users\/1"}],"replies":[{"embeddable":true,"href":"https:\/\/theater-im-hayn.de\/index.php?rest_route=%2Fwp%2Fv2%2Fcomments&post=149"}],"version-history":[{"count":5,"href":"https:\/\/theater-im-hayn.de\/index.php?rest_route=\/wp\/v2\/pages\/149\/revisions"}],"predecessor-version":[{"id":369,"href":"https:\/\/theater-im-hayn.de\/index.php?rest_route=\/wp\/v2\/pages\/149\/revisions\/369"}],"wp:attachment":[{"href":"https:\/\/theater-im-hayn.de\/index.php?rest_route=%2Fwp%2Fv2%2Fmedia&parent=149"}],"curies":[{"name":"wp","href":"https:\/\/api.w.org\/{rel}","templated":true}]}}